{"id":2108,"date":"2025-11-10T12:16:42","date_gmt":"2025-11-10T12:16:42","guid":{"rendered":"https:\/\/treehope.help\/contact\/"},"modified":"2025-12-21T16:27:18","modified_gmt":"2025-12-21T16:27:18","slug":"contact","status":"publish","type":"page","link":"https:\/\/treehope.help\/en\/contact\/","title":{"rendered":"Contact"},"content":{"rendered":"\n<div class=\"wp-block-uagb-container uagb-block-35183932 alignfull uagb-is-root-container\"><div class=\"uagb-container-inner-blocks-wrap\">\n<div class=\"wp-block-uagb-info-box uagb-block-1beeb66e uagb-infobox__content-wrap  uagb-infobox-icon-above-title uagb-infobox-image-valign-top\"><div class=\"uagb-ifb-content\"><div class=\"uagb-ifb-title-wrap\"><h1 class=\"uagb-ifb-title\">Contact<\/h1><\/div><p class=\"uagb-ifb-desc\">\u00bfTienes alguna pregunta sobre tu contribuci\u00f3n, voluntariado o el proyecto? Escr\u00edbenos.<\/p><\/div><\/div>\n<\/div><\/div>\n\n\n\n<div class=\"wp-block-uagb-container uagb-block-74402bab alignfull uagb-is-root-container\"><div class=\"uagb-container-inner-blocks-wrap\">\n<div class=\"wp-block-uagb-container uagb-block-2ede33a5 alignfull uagb-is-root-container\"><div class=\"uagb-container-inner-blocks-wrap\">\n<p class=\"has-text-align-center\">Esta p\u00e1gina es para todas las consultas relacionadas con TreeHope: contribuciones, inscripci\u00f3n de tu nombre en un \u00e1rbol, inter\u00e9s en voluntariado o cualquier otra informaci\u00f3n sobre el proyecto. Te responderemos lo antes posible.<\/p>\n\n\n\n<div class=\"wp-block-uagb-container uagb-block-bcda9006\"><\/div>\n<\/div><\/div>\n\n\n\n<div class=\"wp-block-uagb-container uagb-block-b62130ae alignfull uagb-is-root-container\"><div class=\"uagb-container-inner-blocks-wrap\">\n<div class=\"wp-block-uagb-container uagb-block-7969ff90\">\n<p class=\"has-text-align-center\">Datos de contacto<\/p>\n\n\n\n<div class=\"wp-block-uagb-info-box uagb-block-69fa7c7e uagb-infobox__content-wrap  uagb-infobox-icon-left uagb-infobox-left uagb-infobox-stacked-mobile uagb-infobox-image-valign-top wp-block-uagb-info-box--has-margin\"><div class=\"uagb-infobox-margin-wrapper\"><div class=\"uagb-ifb-icon-wrap\"><div class=\"uagb-iconbox-icon-wrap uagb-infobox-shape-circle\"><svg xmlns=\"https:\/\/www.w3.org\/2000\/svg\" viewBox=\"0 0 384 512\"><path d=\"M168.3 499.2C116.1 435 0 279.4 0 192C0 85.96 85.96 0 192 0C298 0 384 85.96 384 192C384 279.4 267 435 215.7 499.2C203.4 514.5 180.6 514.5 168.3 499.2H168.3zM192 256C227.3 256 256 227.3 256 192C256 156.7 227.3 128 192 128C156.7 128 128 156.7 128 192C128 227.3 156.7 256 192 256z\"><\/path><\/svg><\/div><\/div><div class=\"uagb-ifb-content\"><div class=\"uagb-ifb-title-wrap\"><h5 class=\"uagb-ifb-title\">\u00c1rea<\/h5><\/div><p class=\"uagb-ifb-desc\">Per\u00fa y Ecuador <\/p><\/div><\/div><\/div>\n\n\n\n<div class=\"wp-block-uagb-info-box uagb-block-647ee43f uagb-infobox__content-wrap  uagb-infobox-icon-left uagb-infobox-left uagb-infobox-stacked-mobile uagb-infobox-image-valign-top wp-block-uagb-info-box--has-margin\"><div class=\"uagb-infobox-margin-wrapper\"><div class=\"uagb-ifb-icon-wrap\"><div class=\"uagb-iconbox-icon-wrap uagb-infobox-shape-circle\"><svg xmlns=\"https:\/\/www.w3.org\/2000\/svg\" viewBox=\"0 0 512 512\"><path d=\"M464 64C490.5 64 512 85.49 512 112C512 127.1 504.9 141.3 492.8 150.4L275.2 313.6C263.8 322.1 248.2 322.1 236.8 313.6L19.2 150.4C7.113 141.3 0 127.1 0 112C0 85.49 21.49 64 48 64H464zM217.6 339.2C240.4 356.3 271.6 356.3 294.4 339.2L512 176V384C512 419.3 483.3 448 448 448H64C28.65 448 0 419.3 0 384V176L217.6 339.2z\"><\/path><\/svg><\/div><\/div><div class=\"uagb-ifb-content\"><div class=\"uagb-ifb-title-wrap\"><h5 class=\"uagb-ifb-title\">Correo electr\u00f3nico<\/h5><\/div><p class=\"uagb-ifb-desc\">Info@treehope.help <\/p><\/div><\/div><\/div>\n<\/div>\n\n\n\n<div class=\"wp-block-uagb-container uagb-block-3ee852c1\">\n<div class=\"wp-block-uagb-advanced-heading uagb-block-3f69889b\"><h3 class=\"uagb-heading-text\">Env\u00eda un mensaje <\/h3><\/div>\n\n\n<div class=\"wpforms-container \" id=\"wpforms-11\"><form id=\"wpforms-form-11\" class=\"wpforms-validate wpforms-form\" data-formid=\"11\" method=\"post\" enctype=\"multipart\/form-data\" action=\"\/en\/wp-json\/wp\/v2\/pages\/2108\" data-token=\"c97d25b3e9413141a5524b85c4a90742\" data-token-time=\"1778509487\"><noscript class=\"wpforms-error-noscript\">Please enable JavaScript in your browser to complete this form.<\/noscript><div class=\"wpforms-field-container\"><div id=\"wpforms-11-field_0-container\" class=\"wpforms-field wpforms-field-name\" data-field-id=\"0\"><label class=\"wpforms-field-label\" for=\"wpforms-11-field_0\">Nombre\/Name  <span class=\"wpforms-required-label\">*<\/span><\/label><input type=\"text\" id=\"wpforms-11-field_0\" class=\"wpforms-field-large wpforms-field-required\" name=\"wpforms[fields][0]\" required><\/div>\t\t<div id=\"wpforms-11-field_4-container\"\n\t\t\tclass=\"wpforms-field wpforms-field-text\"\n\t\t\tdata-field-type=\"text\"\n\t\t\tdata-field-id=\"4\"\n\t\t\t>\n\t\t\t<label class=\"wpforms-field-label\" for=\"wpforms-11-field_4\" >Casillas verificaci\u00f3n\/Checkboxes <\/label>\n\t\t\t<input type=\"text\" id=\"wpforms-11-field_4\" class=\"wpforms-field-medium\" name=\"wpforms[fields][4]\" >\n\t\t<\/div>\n\t\t<div id=\"wpforms-11-field_1-container\" class=\"wpforms-field wpforms-field-email\" data-field-id=\"1\"><label class=\"wpforms-field-label\" for=\"wpforms-11-field_1\">Correo electr\u00f3nico\/Email  <span class=\"wpforms-required-label\">*<\/span><\/label><input type=\"email\" id=\"wpforms-11-field_1\" class=\"wpforms-field-large wpforms-field-required\" name=\"wpforms[fields][1]\" spellcheck=\"false\" required><\/div><div id=\"wpforms-11-field_2-container\" class=\"wpforms-field wpforms-field-textarea\" data-field-id=\"2\"><label class=\"wpforms-field-label\" for=\"wpforms-11-field_2\">Mensaje\/Message  <span class=\"wpforms-required-label\">*<\/span><\/label><textarea id=\"wpforms-11-field_2\" class=\"wpforms-field-medium wpforms-field-required\" name=\"wpforms[fields][2]\" required><\/textarea><\/div><div id=\"wpforms-11-field_3-container\" class=\"wpforms-field wpforms-field-checkbox\" data-field-id=\"3\"><label class=\"wpforms-field-label\">Casillas de verificaci\u00f3n\/Checkboxes  <span class=\"wpforms-required-label\">*<\/span><\/label><ul id=\"wpforms-11-field_3\" class=\"wpforms-field-required\"><li class=\"choice-1 depth-1\"><input type=\"checkbox\" id=\"wpforms-11-field_3_1\" name=\"wpforms[fields][3][]\" value=\"Contribuci\u00f3n\/Contribution\" required ><label class=\"wpforms-field-label-inline\" for=\"wpforms-11-field_3_1\">Contribuci\u00f3n\/Contribution<\/label><\/li><li class=\"choice-2 depth-1\"><input type=\"checkbox\" id=\"wpforms-11-field_3_2\" name=\"wpforms[fields][3][]\" value=\"Nombre en el \u00e1rbol\/Name on a tree\" required ><label class=\"wpforms-field-label-inline\" for=\"wpforms-11-field_3_2\">Nombre en el \u00e1rbol\/Name on a tree<\/label><\/li><li class=\"choice-3 depth-1\"><input type=\"checkbox\" id=\"wpforms-11-field_3_3\" name=\"wpforms[fields][3][]\" value=\"Voluntariado\/Volunteering\" required ><label class=\"wpforms-field-label-inline\" for=\"wpforms-11-field_3_3\">Voluntariado\/Volunteering<\/label><\/li><li class=\"choice-4 depth-1\"><input type=\"checkbox\" id=\"wpforms-11-field_3_4\" name=\"wpforms[fields][3][]\" value=\"Otra consulta\/Other inquiry\" required ><label class=\"wpforms-field-label-inline\" for=\"wpforms-11-field_3_4\">Otra consulta\/Other inquiry<\/label><\/li><\/ul><\/div><script>\n\t\t\t\t( function() {\n\t\t\t\t\tconst style = document.createElement( 'style' );\n\t\t\t\t\tstyle.appendChild( document.createTextNode( '#wpforms-11-field_4-container { position: absolute !important; overflow: hidden !important; display: inline !important; height: 1px !important; width: 1px !important; z-index: -1000 !important; padding: 0 !important; } #wpforms-11-field_4-container input { visibility: hidden; } #wpforms-conversational-form-page #wpforms-11-field_4-container label { counter-increment: none; }' ) );\n\t\t\t\t\tdocument.head.appendChild( style );\n\t\t\t\t\tdocument.currentScript?.remove();\n\t\t\t\t} )();\n\t\t\t<\/script><\/div><!-- .wpforms-field-container --><div class=\"wpforms-submit-container\" ><input type=\"hidden\" name=\"wpforms[id]\" value=\"11\"><input type=\"hidden\" name=\"page_title\" value=\"\"><input type=\"hidden\" name=\"page_url\" value=\"https:\/\/treehope.help\/en\/wp-json\/wp\/v2\/pages\/2108\"><input type=\"hidden\" name=\"url_referer\" value=\"\"><button type=\"submit\" name=\"wpforms[submit]\" id=\"wpforms-submit-11\" class=\"wpforms-submit\" data-alt-text=\"Transporte mar\u00edtimo ...\" data-submit-text=\"Enviar \" aria-live=\"assertive\" value=\"wpforms-submit\">Enviar <\/button><\/div><\/form><\/div>  <!-- .wpforms-container -->\n<\/div>\n<\/div><\/div>\n\n\n\t\t\t<div \n\t\t\tclass=\"wp-block-uagb-google-map uagb-google-map__wrap uagb-block-9227c8ce     \"\n\t\t\tstyle=\"\" >\n\t\t\t\t<embed\n\t\t\t\t\tclass=\"uagb-google-map__iframe\"\n\t\t\t\t\ttitle=\"Google Map for \"\n\t\t\t\t\tsrc=\"https:\/\/maps.google.com\/maps?q=Brainstorm%20Force&#038;z=12&#038;hl=en&#038;t=m&#038;output=embed&#038;iwloc=near\"\n\t\t\t\t\twidth=\"640\"\n\t\t\t\t\theight=\"400\"\n\t\t\t\t\tloading=\"lazy\"\n\t\t\t\t><\/embed>\n\t\t\t<\/div>\n\t\t\t<\/div><\/div>\n","protected":false},"excerpt":{"rendered":"<p>Esta p\u00e1gina es para todas las consultas relacionadas con TreeHope: contribuciones, inscripci\u00f3n de tu nombre en un \u00e1rbol, inter\u00e9s en voluntariado o cualquier otra informaci\u00f3n sobre el proyecto. Te responderemos lo antes posible. Datos de contacto Env\u00eda un mensaje<\/p>","protected":false},"author":1,"featured_media":0,"parent":0,"menu_order":0,"comment_status":"closed","ping_status":"closed","template":"","meta":{"give_campaign_id":0,"_uag_custom_page_level_css":"","site-sidebar-layout":"no-sidebar","site-content-layout":"plain-container","ast-site-content-layout":"normal-width-container","site-content-style":"unboxed","site-sidebar-style":"unboxed","ast-global-header-display":"","ast-banner-title-visibility":"","ast-main-header-display":"","ast-hfb-above-header-display":"","ast-hfb-below-header-display":"","ast-hfb-mobile-header-display":"","site-post-title":"disabled","ast-breadcrumbs-content":"","ast-featured-img":"disabled","footer-sml-layout":"","ast-disable-related-posts":"","theme-transparent-header-meta":"enabled","adv-header-id-meta":"","stick-header-meta":"","header-above-stick-meta":"","header-main-stick-meta":"","header-below-stick-meta":"","astra-migrate-meta-layouts":"set","ast-page-background-enabled":"default","ast-page-background-meta":{"desktop":{"background-color":"","background-image":"","background-repeat":"repeat","background-position":"center center","background-size":"auto","background-attachment":"scroll","background-type":"","background-media":"","overlay-type":"","overlay-color":"","overlay-opacity":"","overlay-gradient":""},"tablet":{"background-color":"","background-image":"","background-repeat":"repeat","background-position":"center center","background-size":"auto","background-attachment":"scroll","background-type":"","background-media":"","overlay-type":"","overlay-color":"","overlay-opacity":"","overlay-gradient":""},"mobile":{"background-color":"","background-image":"","background-repeat":"repeat","background-position":"center center","background-size":"auto","background-attachment":"scroll","background-type":"","background-media":"","overlay-type":"","overlay-color":"","overlay-opacity":"","overlay-gradient":""}},"ast-content-background-meta":{"desktop":{"background-color":"var(--ast-global-color-5)","background-image":"","background-repeat":"repeat","background-position":"center center","background-size":"auto","background-attachment":"scroll","background-type":"","background-media":"","overlay-type":"","overlay-color":"","overlay-opacity":"","overlay-gradient":""},"tablet":{"background-color":"var(--ast-global-color-5)","background-image":"","background-repeat":"repeat","background-position":"center center","background-size":"auto","background-attachment":"scroll","background-type":"","background-media":"","overlay-type":"","overlay-color":"","overlay-opacity":"","overlay-gradient":""},"mobile":{"background-color":"var(--ast-global-color-5)","background-image":"","background-repeat":"repeat","background-position":"center center","background-size":"auto","background-attachment":"scroll","background-type":"","background-media":"","overlay-type":"","overlay-color":"","overlay-opacity":"","overlay-gradient":""}},"footnotes":""},"class_list":["post-2108","page","type-page","status-publish","hentry"],"yoast_head":"<!-- This site is optimized with the Yoast SEO plugin v27.4 - https:\/\/yoast.com\/product\/yoast-seo-wordpress\/ -->\n<title>Contact - TreeHope<\/title>\n<meta name=\"robots\" content=\"index, follow, max-snippet:-1, max-image-preview:large, max-video-preview:-1\" \/>\n<link rel=\"canonical\" href=\"https:\/\/treehope.help\/en\/contact\/\" \/>\n<meta property=\"og:locale\" content=\"en_US\" \/>\n<meta property=\"og:type\" content=\"article\" \/>\n<meta property=\"og:title\" content=\"Contact - TreeHope\" \/>\n<meta property=\"og:description\" content=\"Esta p\u00e1gina es para todas las consultas relacionadas con TreeHope: contribuciones, inscripci\u00f3n de tu nombre en un \u00e1rbol, inter\u00e9s en voluntariado o cualquier otra informaci\u00f3n sobre el proyecto. Te responderemos lo antes posible. Datos de contacto Env\u00eda un mensaje\" \/>\n<meta property=\"og:url\" content=\"https:\/\/treehope.help\/en\/contact\/\" \/>\n<meta property=\"og:site_name\" content=\"TreeHope\" \/>\n<meta property=\"article:publisher\" content=\"https:\/\/www.facebook.com\/share\/1827WvtoEb\/\" \/>\n<meta property=\"article:modified_time\" content=\"2025-12-21T16:27:18+00:00\" \/>\n<meta name=\"twitter:card\" content=\"summary_large_image\" \/>\n<meta name=\"twitter:label1\" content=\"Est. reading time\" \/>\n\t<meta name=\"twitter:data1\" content=\"1 minute\" \/>\n<script type=\"application\/ld+json\" class=\"yoast-schema-graph\">{\"@context\":\"https:\\\/\\\/schema.org\",\"@graph\":[{\"@type\":\"WebPage\",\"@id\":\"https:\\\/\\\/treehope.help\\\/contact\\\/\",\"url\":\"https:\\\/\\\/treehope.help\\\/contact\\\/\",\"name\":\"Contact - TreeHope\",\"isPartOf\":{\"@id\":\"https:\\\/\\\/treehope.help\\\/#website\"},\"datePublished\":\"2025-11-10T12:16:42+00:00\",\"dateModified\":\"2025-12-21T16:27:18+00:00\",\"breadcrumb\":{\"@id\":\"https:\\\/\\\/treehope.help\\\/contact\\\/#breadcrumb\"},\"inLanguage\":\"en-US\",\"potentialAction\":[{\"@type\":\"ReadAction\",\"target\":[\"https:\\\/\\\/treehope.help\\\/contact\\\/\"]}]},{\"@type\":\"BreadcrumbList\",\"@id\":\"https:\\\/\\\/treehope.help\\\/contact\\\/#breadcrumb\",\"itemListElement\":[{\"@type\":\"ListItem\",\"position\":1,\"name\":\"Portada\",\"item\":\"https:\\\/\\\/treehope.help\\\/\"},{\"@type\":\"ListItem\",\"position\":2,\"name\":\"Contact\"}]},{\"@type\":\"WebSite\",\"@id\":\"https:\\\/\\\/treehope.help\\\/#website\",\"url\":\"https:\\\/\\\/treehope.help\\\/\",\"name\":\"TreeHope\",\"description\":\"Proyecto de reforestaci\u00f3n de la Amazon\u00eda en Per\u00fa y Ecuador\",\"publisher\":{\"@id\":\"https:\\\/\\\/treehope.help\\\/#organization\"},\"potentialAction\":[{\"@type\":\"SearchAction\",\"target\":{\"@type\":\"EntryPoint\",\"urlTemplate\":\"https:\\\/\\\/treehope.help\\\/?s={search_term_string}\"},\"query-input\":{\"@type\":\"PropertyValueSpecification\",\"valueRequired\":true,\"valueName\":\"search_term_string\"}}],\"inLanguage\":\"en-US\"},{\"@type\":\"Organization\",\"@id\":\"https:\\\/\\\/treehope.help\\\/#organization\",\"name\":\"TreeHope\",\"url\":\"https:\\\/\\\/treehope.help\\\/\",\"logo\":{\"@type\":\"ImageObject\",\"inLanguage\":\"en-US\",\"@id\":\"https:\\\/\\\/treehope.help\\\/#\\\/schema\\\/logo\\\/image\\\/\",\"url\":\"https:\\\/\\\/treehope.help\\\/wp-content\\\/uploads\\\/2026\\\/01\\\/file_000000001d6871f4b2273af36fe80859-removebg-preview.png\",\"contentUrl\":\"https:\\\/\\\/treehope.help\\\/wp-content\\\/uploads\\\/2026\\\/01\\\/file_000000001d6871f4b2273af36fe80859-removebg-preview.png\",\"width\":500,\"height\":500,\"caption\":\"TreeHope\"},\"image\":{\"@id\":\"https:\\\/\\\/treehope.help\\\/#\\\/schema\\\/logo\\\/image\\\/\"},\"sameAs\":[\"https:\\\/\\\/www.facebook.com\\\/share\\\/1827WvtoEb\\\/\"]}]}<\/script>\n<!-- \/ Yoast SEO plugin. -->","yoast_head_json":{"title":"Contact - TreeHope","robots":{"index":"index","follow":"follow","max-snippet":"max-snippet:-1","max-image-preview":"max-image-preview:large","max-video-preview":"max-video-preview:-1"},"canonical":"https:\/\/treehope.help\/en\/contact\/","og_locale":"en_US","og_type":"article","og_title":"Contact - TreeHope","og_description":"Esta p\u00e1gina es para todas las consultas relacionadas con TreeHope: contribuciones, inscripci\u00f3n de tu nombre en un \u00e1rbol, inter\u00e9s en voluntariado o cualquier otra informaci\u00f3n sobre el proyecto. Te responderemos lo antes posible. Datos de contacto Env\u00eda un mensaje","og_url":"https:\/\/treehope.help\/en\/contact\/","og_site_name":"TreeHope","article_publisher":"https:\/\/www.facebook.com\/share\/1827WvtoEb\/","article_modified_time":"2025-12-21T16:27:18+00:00","twitter_card":"summary_large_image","twitter_misc":{"Est. reading time":"1 minute"},"schema":{"@context":"https:\/\/schema.org","@graph":[{"@type":"WebPage","@id":"https:\/\/treehope.help\/contact\/","url":"https:\/\/treehope.help\/contact\/","name":"Contact - TreeHope","isPartOf":{"@id":"https:\/\/treehope.help\/#website"},"datePublished":"2025-11-10T12:16:42+00:00","dateModified":"2025-12-21T16:27:18+00:00","breadcrumb":{"@id":"https:\/\/treehope.help\/contact\/#breadcrumb"},"inLanguage":"en-US","potentialAction":[{"@type":"ReadAction","target":["https:\/\/treehope.help\/contact\/"]}]},{"@type":"BreadcrumbList","@id":"https:\/\/treehope.help\/contact\/#breadcrumb","itemListElement":[{"@type":"ListItem","position":1,"name":"Portada","item":"https:\/\/treehope.help\/"},{"@type":"ListItem","position":2,"name":"Contact"}]},{"@type":"WebSite","@id":"https:\/\/treehope.help\/#website","url":"https:\/\/treehope.help\/","name":"TreeHope","description":"Proyecto de reforestaci\u00f3n de la Amazon\u00eda en Per\u00fa y Ecuador","publisher":{"@id":"https:\/\/treehope.help\/#organization"},"potentialAction":[{"@type":"SearchAction","target":{"@type":"EntryPoint","urlTemplate":"https:\/\/treehope.help\/?s={search_term_string}"},"query-input":{"@type":"PropertyValueSpecification","valueRequired":true,"valueName":"search_term_string"}}],"inLanguage":"en-US"},{"@type":"Organization","@id":"https:\/\/treehope.help\/#organization","name":"TreeHope","url":"https:\/\/treehope.help\/","logo":{"@type":"ImageObject","inLanguage":"en-US","@id":"https:\/\/treehope.help\/#\/schema\/logo\/image\/","url":"https:\/\/treehope.help\/wp-content\/uploads\/2026\/01\/file_000000001d6871f4b2273af36fe80859-removebg-preview.png","contentUrl":"https:\/\/treehope.help\/wp-content\/uploads\/2026\/01\/file_000000001d6871f4b2273af36fe80859-removebg-preview.png","width":500,"height":500,"caption":"TreeHope"},"image":{"@id":"https:\/\/treehope.help\/#\/schema\/logo\/image\/"},"sameAs":["https:\/\/www.facebook.com\/share\/1827WvtoEb\/"]}]}},"campaignId":"","_hostinger_reach_plugin_has_subscription_block":false,"_hostinger_reach_plugin_is_elementor":false,"uagb_featured_image_src":{"full":false,"thumbnail":false,"medium":false,"medium_large":false,"large":false,"1536x1536":false,"2048x2048":false,"trp-custom-language-flag":false},"uagb_author_info":{"display_name":"natir969@gmail.com","author_link":"https:\/\/treehope.help\/en\/author\/natir969gmail-com\/"},"uagb_comment_info":0,"uagb_excerpt":"Esta p\u00e1gina es para todas las consultas relacionadas con TreeHope: contribuciones, inscripci\u00f3n de tu nombre en un \u00e1rbol, inter\u00e9s en voluntariado o cualquier otra informaci\u00f3n sobre el proyecto. Te responderemos lo antes posible. Datos de contacto Env\u00eda un mensaje","_links":{"self":[{"href":"https:\/\/treehope.help\/en\/wp-json\/wp\/v2\/pages\/2108","targetHints":{"allow":["GET"]}}],"collection":[{"href":"https:\/\/treehope.help\/en\/wp-json\/wp\/v2\/pages"}],"about":[{"href":"https:\/\/treehope.help\/en\/wp-json\/wp\/v2\/types\/page"}],"author":[{"embeddable":true,"href":"https:\/\/treehope.help\/en\/wp-json\/wp\/v2\/users\/1"}],"replies":[{"embeddable":true,"href":"https:\/\/treehope.help\/en\/wp-json\/wp\/v2\/comments?post=2108"}],"version-history":[{"count":11,"href":"https:\/\/treehope.help\/en\/wp-json\/wp\/v2\/pages\/2108\/revisions"}],"predecessor-version":[{"id":3344,"href":"https:\/\/treehope.help\/en\/wp-json\/wp\/v2\/pages\/2108\/revisions\/3344"}],"wp:attachment":[{"href":"https:\/\/treehope.help\/en\/wp-json\/wp\/v2\/media?parent=2108"}],"curies":[{"name":"wp","href":"https:\/\/api.w.org\/{rel}","templated":true}]}}