{"id":3091,"date":"2025-12-15T18:15:48","date_gmt":"2025-12-15T18:15:48","guid":{"rendered":"https:\/\/treehope.help\/?page_id=3091"},"modified":"2025-12-15T18:58:43","modified_gmt":"2025-12-15T18:58:43","slug":"politica-de-privacidad","status":"publish","type":"page","link":"https:\/\/treehope.help\/en\/politica-de-privacidad\/","title":{"rendered":"Pol\u00edtica de Privacidad"},"content":{"rendered":"<p>TreeHope respeta la privacidad de los visitantes de este sitio web. Los datos personales recopilados a trav\u00e9s de este sitio (como nombre o direcci\u00f3n de correo electr\u00f3nico) se utilizan \u00fanicamente para fines relacionados con el proyecto, como la comunicaci\u00f3n, el env\u00edo de informaci\u00f3n o la identificaci\u00f3n simb\u00f3lica de \u00e1rboles plantados. TreeHope no vende, alquila ni comparte datos personales con terceros. Los usuarios pueden solicitar en cualquier momento el acceso, la correcci\u00f3n o la eliminaci\u00f3n de sus datos personales escribiendo a: info@treehope.help Este sitio web puede utilizar cookies b\u00e1sicas para su correcto funcionamiento. Al utilizar este sitio web, aceptas esta Pol\u00edtica de Privacidad.<\/p>\n\n\n\n<p><\/p>","protected":false},"excerpt":{"rendered":"<p>TreeHope respeta la privacidad de los visitantes de este sitio web. Los datos personales recopilados a trav\u00e9s de este sitio (como nombre o direcci\u00f3n de correo electr\u00f3nico) se utilizan \u00fanicamente para fines relacionados con el proyecto, como la comunicaci\u00f3n, el env\u00edo de informaci\u00f3n o la identificaci\u00f3n simb\u00f3lica de \u00e1rboles plantados. TreeHope no vende, alquila ni [&hellip;]<\/p>\n","protected":false},"author":1,"featured_media":0,"parent":0,"menu_order":0,"comment_status":"closed","ping_status":"closed","template":"","meta":{"give_campaign_id":0,"_uag_custom_page_level_css":"","site-sidebar-layout":"default","site-content-layout":"","ast-site-content-layout":"default","site-content-style":"default","site-sidebar-style":"default","ast-global-header-display":"","ast-banner-title-visibility":"","ast-main-header-display":"","ast-hfb-above-header-display":"","ast-hfb-below-header-display":"","ast-hfb-mobile-header-display":"","site-post-title":"","ast-breadcrumbs-content":"","ast-featured-img":"","footer-sml-layout":"","ast-disable-related-posts":"","theme-transparent-header-meta":"","adv-header-id-meta":"","stick-header-meta":"","header-above-stick-meta":"","header-main-stick-meta":"","header-below-stick-meta":"","astra-migrate-meta-layouts":"set","ast-page-background-enabled":"default","ast-page-background-meta":{"desktop":{"background-color":"","background-image":"","background-repeat":"repeat","background-position":"center center","background-size":"auto","background-attachment":"scroll","background-type":"","background-media":"","overlay-type":"","overlay-color":"","overlay-opacity":"","overlay-gradient":""},"tablet":{"background-color":"","background-image":"","background-repeat":"repeat","background-position":"center center","background-size":"auto","background-attachment":"scroll","background-type":"","background-media":"","overlay-type":"","overlay-color":"","overlay-opacity":"","overlay-gradient":""},"mobile":{"background-color":"","background-image":"","background-repeat":"repeat","background-position":"center center","background-size":"auto","background-attachment":"scroll","background-type":"","background-media":"","overlay-type":"","overlay-color":"","overlay-opacity":"","overlay-gradient":""}},"ast-content-background-meta":{"desktop":{"background-color":"var(--ast-global-color-5)","background-image":"","background-repeat":"repeat","background-position":"center center","background-size":"auto","background-attachment":"scroll","background-type":"","background-media":"","overlay-type":"","overlay-color":"","overlay-opacity":"","overlay-gradient":""},"tablet":{"background-color":"var(--ast-global-color-5)","background-image":"","background-repeat":"repeat","background-position":"center center","background-size":"auto","background-attachment":"scroll","background-type":"","background-media":"","overlay-type":"","overlay-color":"","overlay-opacity":"","overlay-gradient":""},"mobile":{"background-color":"var(--ast-global-color-5)","background-image":"","background-repeat":"repeat","background-position":"center center","background-size":"auto","background-attachment":"scroll","background-type":"","background-media":"","overlay-type":"","overlay-color":"","overlay-opacity":"","overlay-gradient":""}},"footnotes":""},"class_list":["post-3091","page","type-page","status-publish","hentry"],"yoast_head":"<!-- This site is optimized with the Yoast SEO plugin v27.4 - https:\/\/yoast.com\/product\/yoast-seo-wordpress\/ -->\n<title>Pol\u00edtica de Privacidad - TreeHope<\/title>\n<meta name=\"robots\" content=\"index, follow, max-snippet:-1, max-image-preview:large, max-video-preview:-1\" \/>\n<link rel=\"canonical\" href=\"https:\/\/treehope.help\/en\/politica-de-privacidad\/\" \/>\n<meta property=\"og:locale\" content=\"en_US\" \/>\n<meta property=\"og:type\" content=\"article\" \/>\n<meta property=\"og:title\" content=\"Pol\u00edtica de Privacidad - TreeHope\" \/>\n<meta property=\"og:description\" content=\"TreeHope respeta la privacidad de los visitantes de este sitio web. Los datos personales recopilados a trav\u00e9s de este sitio (como nombre o direcci\u00f3n de correo electr\u00f3nico) se utilizan \u00fanicamente para fines relacionados con el proyecto, como la comunicaci\u00f3n, el env\u00edo de informaci\u00f3n o la identificaci\u00f3n simb\u00f3lica de \u00e1rboles plantados. TreeHope no vende, alquila ni [&hellip;]\" \/>\n<meta property=\"og:url\" content=\"https:\/\/treehope.help\/en\/politica-de-privacidad\/\" \/>\n<meta property=\"og:site_name\" content=\"TreeHope\" \/>\n<meta property=\"article:publisher\" content=\"https:\/\/www.facebook.com\/share\/1827WvtoEb\/\" \/>\n<meta property=\"article:modified_time\" content=\"2025-12-15T18:58:43+00:00\" \/>\n<meta name=\"twitter:card\" content=\"summary_large_image\" \/>\n<meta name=\"twitter:label1\" content=\"Est. reading time\" \/>\n\t<meta name=\"twitter:data1\" content=\"1 minute\" \/>\n<script type=\"application\/ld+json\" class=\"yoast-schema-graph\">{\"@context\":\"https:\\\/\\\/schema.org\",\"@graph\":[{\"@type\":\"WebPage\",\"@id\":\"https:\\\/\\\/treehope.help\\\/politica-de-privacidad\\\/\",\"url\":\"https:\\\/\\\/treehope.help\\\/politica-de-privacidad\\\/\",\"name\":\"Pol\u00edtica de Privacidad - TreeHope\",\"isPartOf\":{\"@id\":\"https:\\\/\\\/treehope.help\\\/#website\"},\"datePublished\":\"2025-12-15T18:15:48+00:00\",\"dateModified\":\"2025-12-15T18:58:43+00:00\",\"breadcrumb\":{\"@id\":\"https:\\\/\\\/treehope.help\\\/politica-de-privacidad\\\/#breadcrumb\"},\"inLanguage\":\"en-US\",\"potentialAction\":[{\"@type\":\"ReadAction\",\"target\":[\"https:\\\/\\\/treehope.help\\\/politica-de-privacidad\\\/\"]}]},{\"@type\":\"BreadcrumbList\",\"@id\":\"https:\\\/\\\/treehope.help\\\/politica-de-privacidad\\\/#breadcrumb\",\"itemListElement\":[{\"@type\":\"ListItem\",\"position\":1,\"name\":\"Portada\",\"item\":\"https:\\\/\\\/treehope.help\\\/\"},{\"@type\":\"ListItem\",\"position\":2,\"name\":\"Pol\u00edtica de Privacidad\"}]},{\"@type\":\"WebSite\",\"@id\":\"https:\\\/\\\/treehope.help\\\/#website\",\"url\":\"https:\\\/\\\/treehope.help\\\/\",\"name\":\"TreeHope\",\"description\":\"Proyecto de reforestaci\u00f3n de la Amazon\u00eda en Per\u00fa y Ecuador\",\"publisher\":{\"@id\":\"https:\\\/\\\/treehope.help\\\/#organization\"},\"potentialAction\":[{\"@type\":\"SearchAction\",\"target\":{\"@type\":\"EntryPoint\",\"urlTemplate\":\"https:\\\/\\\/treehope.help\\\/?s={search_term_string}\"},\"query-input\":{\"@type\":\"PropertyValueSpecification\",\"valueRequired\":true,\"valueName\":\"search_term_string\"}}],\"inLanguage\":\"en-US\"},{\"@type\":\"Organization\",\"@id\":\"https:\\\/\\\/treehope.help\\\/#organization\",\"name\":\"TreeHope\",\"url\":\"https:\\\/\\\/treehope.help\\\/\",\"logo\":{\"@type\":\"ImageObject\",\"inLanguage\":\"en-US\",\"@id\":\"https:\\\/\\\/treehope.help\\\/#\\\/schema\\\/logo\\\/image\\\/\",\"url\":\"https:\\\/\\\/treehope.help\\\/wp-content\\\/uploads\\\/2026\\\/01\\\/file_000000001d6871f4b2273af36fe80859-removebg-preview.png\",\"contentUrl\":\"https:\\\/\\\/treehope.help\\\/wp-content\\\/uploads\\\/2026\\\/01\\\/file_000000001d6871f4b2273af36fe80859-removebg-preview.png\",\"width\":500,\"height\":500,\"caption\":\"TreeHope\"},\"image\":{\"@id\":\"https:\\\/\\\/treehope.help\\\/#\\\/schema\\\/logo\\\/image\\\/\"},\"sameAs\":[\"https:\\\/\\\/www.facebook.com\\\/share\\\/1827WvtoEb\\\/\"]}]}<\/script>\n<!-- \/ Yoast SEO plugin. -->","yoast_head_json":{"title":"Pol\u00edtica de Privacidad - TreeHope","robots":{"index":"index","follow":"follow","max-snippet":"max-snippet:-1","max-image-preview":"max-image-preview:large","max-video-preview":"max-video-preview:-1"},"canonical":"https:\/\/treehope.help\/en\/politica-de-privacidad\/","og_locale":"en_US","og_type":"article","og_title":"Pol\u00edtica de Privacidad - TreeHope","og_description":"TreeHope respeta la privacidad de los visitantes de este sitio web. Los datos personales recopilados a trav\u00e9s de este sitio (como nombre o direcci\u00f3n de correo electr\u00f3nico) se utilizan \u00fanicamente para fines relacionados con el proyecto, como la comunicaci\u00f3n, el env\u00edo de informaci\u00f3n o la identificaci\u00f3n simb\u00f3lica de \u00e1rboles plantados. TreeHope no vende, alquila ni [&hellip;]","og_url":"https:\/\/treehope.help\/en\/politica-de-privacidad\/","og_site_name":"TreeHope","article_publisher":"https:\/\/www.facebook.com\/share\/1827WvtoEb\/","article_modified_time":"2025-12-15T18:58:43+00:00","twitter_card":"summary_large_image","twitter_misc":{"Est. reading time":"1 minute"},"schema":{"@context":"https:\/\/schema.org","@graph":[{"@type":"WebPage","@id":"https:\/\/treehope.help\/politica-de-privacidad\/","url":"https:\/\/treehope.help\/politica-de-privacidad\/","name":"Pol\u00edtica de Privacidad - TreeHope","isPartOf":{"@id":"https:\/\/treehope.help\/#website"},"datePublished":"2025-12-15T18:15:48+00:00","dateModified":"2025-12-15T18:58:43+00:00","breadcrumb":{"@id":"https:\/\/treehope.help\/politica-de-privacidad\/#breadcrumb"},"inLanguage":"en-US","potentialAction":[{"@type":"ReadAction","target":["https:\/\/treehope.help\/politica-de-privacidad\/"]}]},{"@type":"BreadcrumbList","@id":"https:\/\/treehope.help\/politica-de-privacidad\/#breadcrumb","itemListElement":[{"@type":"ListItem","position":1,"name":"Portada","item":"https:\/\/treehope.help\/"},{"@type":"ListItem","position":2,"name":"Pol\u00edtica de Privacidad"}]},{"@type":"WebSite","@id":"https:\/\/treehope.help\/#website","url":"https:\/\/treehope.help\/","name":"TreeHope","description":"Proyecto de reforestaci\u00f3n de la Amazon\u00eda en Per\u00fa y Ecuador","publisher":{"@id":"https:\/\/treehope.help\/#organization"},"potentialAction":[{"@type":"SearchAction","target":{"@type":"EntryPoint","urlTemplate":"https:\/\/treehope.help\/?s={search_term_string}"},"query-input":{"@type":"PropertyValueSpecification","valueRequired":true,"valueName":"search_term_string"}}],"inLanguage":"en-US"},{"@type":"Organization","@id":"https:\/\/treehope.help\/#organization","name":"TreeHope","url":"https:\/\/treehope.help\/","logo":{"@type":"ImageObject","inLanguage":"en-US","@id":"https:\/\/treehope.help\/#\/schema\/logo\/image\/","url":"https:\/\/treehope.help\/wp-content\/uploads\/2026\/01\/file_000000001d6871f4b2273af36fe80859-removebg-preview.png","contentUrl":"https:\/\/treehope.help\/wp-content\/uploads\/2026\/01\/file_000000001d6871f4b2273af36fe80859-removebg-preview.png","width":500,"height":500,"caption":"TreeHope"},"image":{"@id":"https:\/\/treehope.help\/#\/schema\/logo\/image\/"},"sameAs":["https:\/\/www.facebook.com\/share\/1827WvtoEb\/"]}]}},"campaignId":"0","_hostinger_reach_plugin_has_subscription_block":false,"_hostinger_reach_plugin_is_elementor":false,"uagb_featured_image_src":{"full":false,"thumbnail":false,"medium":false,"medium_large":false,"large":false,"1536x1536":false,"2048x2048":false,"trp-custom-language-flag":false},"uagb_author_info":{"display_name":"natir969@gmail.com","author_link":"https:\/\/treehope.help\/en\/author\/natir969gmail-com\/"},"uagb_comment_info":0,"uagb_excerpt":"TreeHope respeta la privacidad de los visitantes de este sitio web. Los datos personales recopilados a trav\u00e9s de este sitio (como nombre o direcci\u00f3n de correo electr\u00f3nico) se utilizan \u00fanicamente para fines relacionados con el proyecto, como la comunicaci\u00f3n, el env\u00edo de informaci\u00f3n o la identificaci\u00f3n simb\u00f3lica de \u00e1rboles plantados. TreeHope no vende, alquila ni&hellip;","_links":{"self":[{"href":"https:\/\/treehope.help\/en\/wp-json\/wp\/v2\/pages\/3091","targetHints":{"allow":["GET"]}}],"collection":[{"href":"https:\/\/treehope.help\/en\/wp-json\/wp\/v2\/pages"}],"about":[{"href":"https:\/\/treehope.help\/en\/wp-json\/wp\/v2\/types\/page"}],"author":[{"embeddable":true,"href":"https:\/\/treehope.help\/en\/wp-json\/wp\/v2\/users\/1"}],"replies":[{"embeddable":true,"href":"https:\/\/treehope.help\/en\/wp-json\/wp\/v2\/comments?post=3091"}],"version-history":[{"count":1,"href":"https:\/\/treehope.help\/en\/wp-json\/wp\/v2\/pages\/3091\/revisions"}],"predecessor-version":[{"id":3092,"href":"https:\/\/treehope.help\/en\/wp-json\/wp\/v2\/pages\/3091\/revisions\/3092"}],"wp:attachment":[{"href":"https:\/\/treehope.help\/en\/wp-json\/wp\/v2\/media?parent=3091"}],"curies":[{"name":"wp","href":"https:\/\/api.w.org\/{rel}","templated":true}]}}