{"id":3095,"date":"2025-12-15T18:29:10","date_gmt":"2025-12-15T18:29:10","guid":{"rendered":"https:\/\/treehope.help\/?page_id=3095"},"modified":"2025-12-15T18:29:14","modified_gmt":"2025-12-15T18:29:14","slug":"terminos-y-condiciones","status":"publish","type":"page","link":"https:\/\/treehope.help\/en\/terminos-y-condiciones\/","title":{"rendered":"T\u00e9rminos y Condiciones"},"content":{"rendered":"<p>TreeHope es un proyecto personal de apoyo a la reforestaci\u00f3n y colaboraci\u00f3n con comunidades locales. No es una organizaci\u00f3n sin fines de lucro.<\/p>\n\n\n\n<p>El uso de este sitio web es voluntario. Toda informaci\u00f3n proporcionada tiene car\u00e1cter informativo.<\/p>\n\n\n\n<p>Las aportaciones realizadas al proyecto se utilizan exclusivamente para fines relacionados con la reforestaci\u00f3n y el apoyo a las comunidades locales. No se consideran donaciones caritativas.<\/p>\n\n\n\n<p>TreeHope no garantiza resultados espec\u00edficos derivados de la participaci\u00f3n en el proyecto.<\/p>\n\n\n\n<p>El uso de este sitio implica la aceptaci\u00f3n de estos T\u00e9rminos y Condiciones.<\/p>","protected":false},"excerpt":{"rendered":"<p>TreeHope es un proyecto personal de apoyo a la reforestaci\u00f3n y colaboraci\u00f3n con comunidades locales. No es una organizaci\u00f3n sin fines de lucro. El uso de este sitio web es voluntario. Toda informaci\u00f3n proporcionada tiene car\u00e1cter informativo. Las aportaciones realizadas al proyecto se utilizan exclusivamente para fines relacionados con la reforestaci\u00f3n y el apoyo a [&hellip;]<\/p>\n","protected":false},"author":1,"featured_media":0,"parent":0,"menu_order":0,"comment_status":"closed","ping_status":"closed","template":"","meta":{"give_campaign_id":0,"_uag_custom_page_level_css":"","site-sidebar-layout":"default","site-content-layout":"","ast-site-content-layout":"default","site-content-style":"default","site-sidebar-style":"default","ast-global-header-display":"","ast-banner-title-visibility":"","ast-main-header-display":"","ast-hfb-above-header-display":"","ast-hfb-below-header-display":"","ast-hfb-mobile-header-display":"","site-post-title":"","ast-breadcrumbs-content":"","ast-featured-img":"","footer-sml-layout":"","ast-disable-related-posts":"","theme-transparent-header-meta":"","adv-header-id-meta":"","stick-header-meta":"","header-above-stick-meta":"","header-main-stick-meta":"","header-below-stick-meta":"","astra-migrate-meta-layouts":"set","ast-page-background-enabled":"default","ast-page-background-meta":{"desktop":{"background-color":"","background-image":"","background-repeat":"repeat","background-position":"center center","background-size":"auto","background-attachment":"scroll","background-type":"","background-media":"","overlay-type":"","overlay-color":"","overlay-opacity":"","overlay-gradient":""},"tablet":{"background-color":"","background-image":"","background-repeat":"repeat","background-position":"center center","background-size":"auto","background-attachment":"scroll","background-type":"","background-media":"","overlay-type":"","overlay-color":"","overlay-opacity":"","overlay-gradient":""},"mobile":{"background-color":"","background-image":"","background-repeat":"repeat","background-position":"center center","background-size":"auto","background-attachment":"scroll","background-type":"","background-media":"","overlay-type":"","overlay-color":"","overlay-opacity":"","overlay-gradient":""}},"ast-content-background-meta":{"desktop":{"background-color":"var(--ast-global-color-5)","background-image":"","background-repeat":"repeat","background-position":"center center","background-size":"auto","background-attachment":"scroll","background-type":"","background-media":"","overlay-type":"","overlay-color":"","overlay-opacity":"","overlay-gradient":""},"tablet":{"background-color":"var(--ast-global-color-5)","background-image":"","background-repeat":"repeat","background-position":"center center","background-size":"auto","background-attachment":"scroll","background-type":"","background-media":"","overlay-type":"","overlay-color":"","overlay-opacity":"","overlay-gradient":""},"mobile":{"background-color":"var(--ast-global-color-5)","background-image":"","background-repeat":"repeat","background-position":"center center","background-size":"auto","background-attachment":"scroll","background-type":"","background-media":"","overlay-type":"","overlay-color":"","overlay-opacity":"","overlay-gradient":""}},"footnotes":""},"class_list":["post-3095","page","type-page","status-publish","hentry"],"yoast_head":"<!-- This site is optimized with the Yoast SEO plugin v27.4 - https:\/\/yoast.com\/product\/yoast-seo-wordpress\/ -->\n<title>T\u00e9rminos y Condiciones - TreeHope<\/title>\n<meta name=\"robots\" content=\"index, follow, max-snippet:-1, max-image-preview:large, max-video-preview:-1\" \/>\n<link rel=\"canonical\" href=\"https:\/\/treehope.help\/en\/terminos-y-condiciones\/\" \/>\n<meta property=\"og:locale\" content=\"en_US\" \/>\n<meta property=\"og:type\" content=\"article\" \/>\n<meta property=\"og:title\" content=\"T\u00e9rminos y Condiciones - TreeHope\" \/>\n<meta property=\"og:description\" content=\"TreeHope es un proyecto personal de apoyo a la reforestaci\u00f3n y colaboraci\u00f3n con comunidades locales. No es una organizaci\u00f3n sin fines de lucro. El uso de este sitio web es voluntario. Toda informaci\u00f3n proporcionada tiene car\u00e1cter informativo. Las aportaciones realizadas al proyecto se utilizan exclusivamente para fines relacionados con la reforestaci\u00f3n y el apoyo a [&hellip;]\" \/>\n<meta property=\"og:url\" content=\"https:\/\/treehope.help\/en\/terminos-y-condiciones\/\" \/>\n<meta property=\"og:site_name\" content=\"TreeHope\" \/>\n<meta property=\"article:publisher\" content=\"https:\/\/www.facebook.com\/share\/1827WvtoEb\/\" \/>\n<meta property=\"article:modified_time\" content=\"2025-12-15T18:29:14+00:00\" \/>\n<meta name=\"twitter:card\" content=\"summary_large_image\" \/>\n<script type=\"application\/ld+json\" class=\"yoast-schema-graph\">{\"@context\":\"https:\\\/\\\/schema.org\",\"@graph\":[{\"@type\":\"WebPage\",\"@id\":\"https:\\\/\\\/treehope.help\\\/terminos-y-condiciones\\\/\",\"url\":\"https:\\\/\\\/treehope.help\\\/terminos-y-condiciones\\\/\",\"name\":\"T\u00e9rminos y Condiciones - TreeHope\",\"isPartOf\":{\"@id\":\"https:\\\/\\\/treehope.help\\\/#website\"},\"datePublished\":\"2025-12-15T18:29:10+00:00\",\"dateModified\":\"2025-12-15T18:29:14+00:00\",\"breadcrumb\":{\"@id\":\"https:\\\/\\\/treehope.help\\\/terminos-y-condiciones\\\/#breadcrumb\"},\"inLanguage\":\"en-US\",\"potentialAction\":[{\"@type\":\"ReadAction\",\"target\":[\"https:\\\/\\\/treehope.help\\\/terminos-y-condiciones\\\/\"]}]},{\"@type\":\"BreadcrumbList\",\"@id\":\"https:\\\/\\\/treehope.help\\\/terminos-y-condiciones\\\/#breadcrumb\",\"itemListElement\":[{\"@type\":\"ListItem\",\"position\":1,\"name\":\"Portada\",\"item\":\"https:\\\/\\\/treehope.help\\\/\"},{\"@type\":\"ListItem\",\"position\":2,\"name\":\"T\u00e9rminos y Condiciones\"}]},{\"@type\":\"WebSite\",\"@id\":\"https:\\\/\\\/treehope.help\\\/#website\",\"url\":\"https:\\\/\\\/treehope.help\\\/\",\"name\":\"TreeHope\",\"description\":\"Proyecto de reforestaci\u00f3n de la Amazon\u00eda en Per\u00fa y Ecuador\",\"publisher\":{\"@id\":\"https:\\\/\\\/treehope.help\\\/#organization\"},\"potentialAction\":[{\"@type\":\"SearchAction\",\"target\":{\"@type\":\"EntryPoint\",\"urlTemplate\":\"https:\\\/\\\/treehope.help\\\/?s={search_term_string}\"},\"query-input\":{\"@type\":\"PropertyValueSpecification\",\"valueRequired\":true,\"valueName\":\"search_term_string\"}}],\"inLanguage\":\"en-US\"},{\"@type\":\"Organization\",\"@id\":\"https:\\\/\\\/treehope.help\\\/#organization\",\"name\":\"TreeHope\",\"url\":\"https:\\\/\\\/treehope.help\\\/\",\"logo\":{\"@type\":\"ImageObject\",\"inLanguage\":\"en-US\",\"@id\":\"https:\\\/\\\/treehope.help\\\/#\\\/schema\\\/logo\\\/image\\\/\",\"url\":\"https:\\\/\\\/treehope.help\\\/wp-content\\\/uploads\\\/2026\\\/01\\\/file_000000001d6871f4b2273af36fe80859-removebg-preview.png\",\"contentUrl\":\"https:\\\/\\\/treehope.help\\\/wp-content\\\/uploads\\\/2026\\\/01\\\/file_000000001d6871f4b2273af36fe80859-removebg-preview.png\",\"width\":500,\"height\":500,\"caption\":\"TreeHope\"},\"image\":{\"@id\":\"https:\\\/\\\/treehope.help\\\/#\\\/schema\\\/logo\\\/image\\\/\"},\"sameAs\":[\"https:\\\/\\\/www.facebook.com\\\/share\\\/1827WvtoEb\\\/\"]}]}<\/script>\n<!-- \/ Yoast SEO plugin. -->","yoast_head_json":{"title":"T\u00e9rminos y Condiciones - TreeHope","robots":{"index":"index","follow":"follow","max-snippet":"max-snippet:-1","max-image-preview":"max-image-preview:large","max-video-preview":"max-video-preview:-1"},"canonical":"https:\/\/treehope.help\/en\/terminos-y-condiciones\/","og_locale":"en_US","og_type":"article","og_title":"T\u00e9rminos y Condiciones - TreeHope","og_description":"TreeHope es un proyecto personal de apoyo a la reforestaci\u00f3n y colaboraci\u00f3n con comunidades locales. No es una organizaci\u00f3n sin fines de lucro. El uso de este sitio web es voluntario. Toda informaci\u00f3n proporcionada tiene car\u00e1cter informativo. Las aportaciones realizadas al proyecto se utilizan exclusivamente para fines relacionados con la reforestaci\u00f3n y el apoyo a [&hellip;]","og_url":"https:\/\/treehope.help\/en\/terminos-y-condiciones\/","og_site_name":"TreeHope","article_publisher":"https:\/\/www.facebook.com\/share\/1827WvtoEb\/","article_modified_time":"2025-12-15T18:29:14+00:00","twitter_card":"summary_large_image","schema":{"@context":"https:\/\/schema.org","@graph":[{"@type":"WebPage","@id":"https:\/\/treehope.help\/terminos-y-condiciones\/","url":"https:\/\/treehope.help\/terminos-y-condiciones\/","name":"T\u00e9rminos y Condiciones - TreeHope","isPartOf":{"@id":"https:\/\/treehope.help\/#website"},"datePublished":"2025-12-15T18:29:10+00:00","dateModified":"2025-12-15T18:29:14+00:00","breadcrumb":{"@id":"https:\/\/treehope.help\/terminos-y-condiciones\/#breadcrumb"},"inLanguage":"en-US","potentialAction":[{"@type":"ReadAction","target":["https:\/\/treehope.help\/terminos-y-condiciones\/"]}]},{"@type":"BreadcrumbList","@id":"https:\/\/treehope.help\/terminos-y-condiciones\/#breadcrumb","itemListElement":[{"@type":"ListItem","position":1,"name":"Portada","item":"https:\/\/treehope.help\/"},{"@type":"ListItem","position":2,"name":"T\u00e9rminos y Condiciones"}]},{"@type":"WebSite","@id":"https:\/\/treehope.help\/#website","url":"https:\/\/treehope.help\/","name":"TreeHope","description":"Proyecto de reforestaci\u00f3n de la Amazon\u00eda en Per\u00fa y Ecuador","publisher":{"@id":"https:\/\/treehope.help\/#organization"},"potentialAction":[{"@type":"SearchAction","target":{"@type":"EntryPoint","urlTemplate":"https:\/\/treehope.help\/?s={search_term_string}"},"query-input":{"@type":"PropertyValueSpecification","valueRequired":true,"valueName":"search_term_string"}}],"inLanguage":"en-US"},{"@type":"Organization","@id":"https:\/\/treehope.help\/#organization","name":"TreeHope","url":"https:\/\/treehope.help\/","logo":{"@type":"ImageObject","inLanguage":"en-US","@id":"https:\/\/treehope.help\/#\/schema\/logo\/image\/","url":"https:\/\/treehope.help\/wp-content\/uploads\/2026\/01\/file_000000001d6871f4b2273af36fe80859-removebg-preview.png","contentUrl":"https:\/\/treehope.help\/wp-content\/uploads\/2026\/01\/file_000000001d6871f4b2273af36fe80859-removebg-preview.png","width":500,"height":500,"caption":"TreeHope"},"image":{"@id":"https:\/\/treehope.help\/#\/schema\/logo\/image\/"},"sameAs":["https:\/\/www.facebook.com\/share\/1827WvtoEb\/"]}]}},"campaignId":"0","_hostinger_reach_plugin_has_subscription_block":false,"_hostinger_reach_plugin_is_elementor":false,"uagb_featured_image_src":{"full":false,"thumbnail":false,"medium":false,"medium_large":false,"large":false,"1536x1536":false,"2048x2048":false,"trp-custom-language-flag":false},"uagb_author_info":{"display_name":"natir969@gmail.com","author_link":"https:\/\/treehope.help\/en\/author\/natir969gmail-com\/"},"uagb_comment_info":0,"uagb_excerpt":"TreeHope es un proyecto personal de apoyo a la reforestaci\u00f3n y colaboraci\u00f3n con comunidades locales. No es una organizaci\u00f3n sin fines de lucro. El uso de este sitio web es voluntario. Toda informaci\u00f3n proporcionada tiene car\u00e1cter informativo. Las aportaciones realizadas al proyecto se utilizan exclusivamente para fines relacionados con la reforestaci\u00f3n y el apoyo a&hellip;","_links":{"self":[{"href":"https:\/\/treehope.help\/en\/wp-json\/wp\/v2\/pages\/3095","targetHints":{"allow":["GET"]}}],"collection":[{"href":"https:\/\/treehope.help\/en\/wp-json\/wp\/v2\/pages"}],"about":[{"href":"https:\/\/treehope.help\/en\/wp-json\/wp\/v2\/types\/page"}],"author":[{"embeddable":true,"href":"https:\/\/treehope.help\/en\/wp-json\/wp\/v2\/users\/1"}],"replies":[{"embeddable":true,"href":"https:\/\/treehope.help\/en\/wp-json\/wp\/v2\/comments?post=3095"}],"version-history":[{"count":1,"href":"https:\/\/treehope.help\/en\/wp-json\/wp\/v2\/pages\/3095\/revisions"}],"predecessor-version":[{"id":3096,"href":"https:\/\/treehope.help\/en\/wp-json\/wp\/v2\/pages\/3095\/revisions\/3096"}],"wp:attachment":[{"href":"https:\/\/treehope.help\/en\/wp-json\/wp\/v2\/media?parent=3095"}],"curies":[{"name":"wp","href":"https:\/\/api.w.org\/{rel}","templated":true}]}}