{"id":3259,"date":"2025-12-20T13:39:54","date_gmt":"2025-12-20T13:39:54","guid":{"rendered":"https:\/\/treehope.help\/?page_id=3259"},"modified":"2026-01-04T09:34:58","modified_gmt":"2026-01-04T09:34:58","slug":"quiero-ayudar-tree-hope","status":"publish","type":"page","link":"https:\/\/treehope.help\/en\/quiero-ayudar-tree-hope\/","title":{"rendered":"Quiero ayudar &#8211; Tree Hope"},"content":{"rendered":"<div class=\"wp-block-group is-vertical is-layout-flex wp-container-core-group-is-layout-fe9cc265 wp-block-group-is-layout-flex\">\n<div class=\"wp-block-uagb-image uagb-block-c016efae wp-block-uagb-image--layout-default wp-block-uagb-image--effect-static wp-block-uagb-image--align-none\"><figure class=\"wp-block-uagb-image__figure\"><img decoding=\"async\" srcset=\"https:\/\/treehope.help\/wp-content\/uploads\/2025\/12\/file_00000000523071f99e52e85c20cb800f2-3-798x1024.jpg ,https:\/\/treehope.help\/wp-content\/uploads\/2025\/12\/file_00000000523071f99e52e85c20cb800f2-3.jpg 780w, https:\/\/treehope.help\/wp-content\/uploads\/2025\/12\/file_00000000523071f99e52e85c20cb800f2-3.jpg 360w\" sizes=\"auto, (max-width: 480px) 150px\" src=\"https:\/\/treehope.help\/wp-content\/uploads\/2025\/12\/file_00000000523071f99e52e85c20cb800f2-3-798x1024.jpg\" alt=\"file 00000000523071f99e52e85c20cb800f~2\" class=\"uag-image-3003\" width=\"300\" height=\"321\" title=\"file 00000000523071f99e52e85c20cb800f~2\" loading=\"lazy\" role=\"img\"\/><\/figure><\/div>\n\n\n\n<div class=\"wp-block-uagb-advanced-heading uagb-block-a2cca556\"><h2 class=\"uagb-heading-text\">Information for those who want to support<\/h2><\/div>\n\n\n\n<p class=\"has-text-align-left\">This page is part of <strong>TreeHope<\/strong>, one <strong>personal initiative <\/strong>focused on supporting the planting of native Amazonian trees and the protection of the natural environment in <a href=\"https:\/\/treehope.help\/en\/peru\/\" rel=\"nofollow ugc\" title=\"Per\u00fa\">Per\u00fa<\/a> and <a href=\"https:\/\/treehope.help\/en\/ecuador\/\" rel=\"nofollow ugc\" title=\"Ecuador\">Ecuador<\/a>.<br><strong>TreeHope is not an organization or a company.<\/strong><\/p>\n\n\n\n<h4 class=\"wp-block-heading has-text-align-left\">How does the support work?<\/h4>\n\n\n\n<ul class=\"wp-block-list\">\n<li class=\"has-ast-global-color-6-color has-text-color has-link-color wp-elements-dcfbe9ca18c8f2b4f4c6b7a3e4edb6a6\"><strong>The minimum contribution is $15.<\/strong><\/li>\n\n\n\n<li class=\"has-ast-global-color-6-color has-text-color has-link-color wp-elements-2991f11be967b99d26141ce1b6320df9\">This amount covers:<\/li>\n\n\n\n<li>a native Amazonian tree<\/li>\n\n\n\n<li>its planting<\/li>\n\n\n\n<li>and the initial care of the tree<\/li>\n<\/ul>\n\n\n\n<p>Each contribution is used <strong>exclusively for this environmental initiative.<\/strong><\/p>\n\n\n\n<h4 class=\"wp-block-heading\">Which types of trees are supported?<\/h4>\n\n\n\n<p>Native Amazonian species are prioritized, such as:<\/p>\n\n\n\n<ul class=\"wp-block-list\">\n<li>Amazon cedar<\/li>\n\n\n\n<li>Mahogany<\/li>\n\n\n\n<li>Lup<\/li>\n\n\n\n<li>Shihuahuaco<\/li>\n\n\n\n<li>cacao<\/li>\n<\/ul>\n\n\n\n<p>These species help to: <\/p>\n\n\n\n<ul class=\"wp-block-list\">\n<li>protect biodiversity<\/li>\n\n\n\n<li>improve the soil<\/li>\n\n\n\n<li>capture carbon<\/li>\n\n\n\n<li>support the natural balance of the ecosystem<\/li>\n<\/ul>\n\n\n\n<h4 class=\"wp-block-heading\">Transparency and personal approach <\/h4>\n\n\n\n<ul class=\"wp-block-list\">\n<li>All contributions are managed personally and directly.<\/li>\n\n\n\n<li>This is not a donation to a non-profit organization.<\/li>\n\n\n\n<li>The goal is to support real reforestation actions, not to generate commercial profit.<\/li>\n<\/ul>\n\n\n\n<h4 class=\"wp-block-heading\">Thank you for your support<\/h4>\n\n\n\n<p>Every tree counts.<\/p>\n\n\n\n<p>Each contribution makes an impact.<\/p>\n\n\n\n<p>Thank you for being part of this personal initiative for the Amazon.<\/p>\n\n\n\n<p><\/p>\n<\/div>\n\n\n\n<div class=\"wp-block-columns is-layout-flex wp-container-core-columns-is-layout-ec2e7a44 wp-block-columns-is-layout-flex\" style=\"padding-top:0;padding-bottom:0\">\n<div class=\"wp-block-column is-vertically-aligned-stretch is-layout-flow wp-block-column-is-layout-flow\" style=\"flex-basis:60%\"><figure style=\"aspect-ratio:16\/9;width:100%;height:100%;\" class=\"wp-block-post-featured-image\"><img loading=\"lazy\" decoding=\"async\" width=\"1024\" height=\"1314\" src=\"https:\/\/treehope.help\/wp-content\/uploads\/2025\/12\/file_00000000523071f99e52e85c20cb800f2-3.jpg\" class=\"attachment-post-thumbnail size-post-thumbnail wp-post-image\" alt=\"Peque\u00f1o \u00e1rbol reci\u00e9n plantado en la Amazon\u00eda, simbolizando el inicio de la reforestaci\u00f3n\" style=\"border-radius:8px;width:100%;height:100%;object-fit:cover;\" srcset=\"https:\/\/treehope.help\/wp-content\/uploads\/2025\/12\/file_00000000523071f99e52e85c20cb800f2-3.jpg 1024w, https:\/\/treehope.help\/wp-content\/uploads\/2025\/12\/file_00000000523071f99e52e85c20cb800f2-3-234x300.jpg 234w, https:\/\/treehope.help\/wp-content\/uploads\/2025\/12\/file_00000000523071f99e52e85c20cb800f2-3-798x1024.jpg 798w, https:\/\/treehope.help\/wp-content\/uploads\/2025\/12\/file_00000000523071f99e52e85c20cb800f2-3-768x986.jpg 768w\" sizes=\"auto, (max-width: 1024px) 100vw, 1024px\" \/><\/figure><\/div>\n\n\n\n<div class=\"wp-block-column is-vertically-aligned-stretch is-layout-flow wp-block-column-is-layout-flow\">\n<div class=\"wp-block-group is-vertical is-content-justification-stretch is-layout-flex wp-container-core-group-is-layout-ae24f51d wp-block-group-is-layout-flex\" style=\"min-height:100%\">\n<div style=\"--givewp-primary-color: #27ae60; --givewp-secondary-color: #27ae60;\" class=\"wp-block-givewp-campaign-goal\">\n    <div data-givewp-campaign-goal data-id=\"2\"><\/div>\n<\/div>\n\n\n\n<div class=\"wp-block-group wp-container-content-9cfa9a5a is-vertical is-layout-flex wp-container-core-group-is-layout-fe9cc265 wp-block-group-is-layout-flex\">\n<div class=\"givewp-campaign-stats-block wp-block-givewp-campaign-stats-block\">\n    <span>Top Donation<\/span>\n    <strong>$15.00<\/strong>\n<\/div>\n\n\n\n<div class=\"givewp-campaign-stats-block wp-block-givewp-campaign-stats-block\">\n    <span>Average Donation<\/span>\n    <strong>$8.00<\/strong>\n<\/div>\n<\/div>\n\n\n\n<div style=\"--givewp-primary-color: #27ae60;\" class=\"givewp-campaign-donate-button-block wp-block-givewp-campaign-donate-button\">\n    <button type=\"button\" class=\"givewp-donation-form-modal__open\">Apoyar<\/button><\/div>\n<\/div>\n<\/div>\n<\/div>\n\n\n\n<div class=\"wp-block-group is-vertical is-layout-flex wp-container-core-group-is-layout-fe9cc265 wp-block-group-is-layout-flex\">\n<h2 class=\"wp-block-heading\">Why is this support important?<\/h2>\n\n\n\n<p class=\"has-text-align-left wp-block-heading\">This support allows us to take direct action in Amazon areas affected by deforestation and forest degradation. Reforestation with native Amazonian species is one of the most effective ways to restore the natural balance of the ecosystem. <\/p>\n\n\n\n<p>Trees help protect water sources, improve soil quality, and create a suitable environment for the return of biodiversity. Additionally, they strengthen the forest\u2019s resilience against extreme events such as droughts, fires, and the impacts of climate change.<\/p>\n\n\n\n<p>Supporting the planting of native trees not only contributes to the restoration of the natural landscape but also supports local communities that depend directly on the forest for their livelihoods and culture. Protecting the Amazon is a shared responsibility, as its balance affects the global climate and the quality of the air we breathe.<\/p>\n\n\n\n<p>Every action counts. Even a single tree can make a difference when it is part of a collective and conscious effort to protect the Amazon rainforest. <\/p>\n<\/div>\n\n\n\n<h5 class=\"wp-block-heading has-text-align-center\">Personal support for the planting of native Amazonian trees and the protection of the natural environment.<\/h5>\n\n\n\n<h5 class=\"wp-block-heading has-text-align-center\">This support allows us to take direct action in Amazonian areas affected by deforestation. <a href=\"https:\/\/imazon.org.br\" target=\"_blank\" rel=\"noopener sponsored\" title=\"\">deforestation<\/a>.<br>Reforestation with native species helps restore the natural balance,<br>protect water sources and strengthen the ecosystem's resilience against climate change.<\/h5>\n\n\n\n<p><\/p>","protected":false},"excerpt":{"rendered":"<p>\ud83d\udc9a Informaci\u00f3n para quienes quieren apoyar Esta p\u00e1gina forma parte de TreeHope, una iniciativa personal enfocada en apoyar la plantaci\u00f3n de \u00e1rboles amaz\u00f3nicos nativos y la protecci\u00f3n del entorno natural en Per\u00fa y Ecuador.TreeHope no es una organizaci\u00f3n ni una empresa. \ud83c\udf33 \u00bfC\u00f3mo funciona el apoyo? Cada aporte se utiliza exclusivamente para esta iniciativa ambiental. [&hellip;]<\/p>\n","protected":false},"author":1,"featured_media":3003,"parent":0,"menu_order":0,"comment_status":"closed","ping_status":"closed","template":"","meta":{"give_campaign_id":2,"_uag_custom_page_level_css":"","site-sidebar-layout":"default","site-content-layout":"","ast-site-content-layout":"default","site-content-style":"default","site-sidebar-style":"default","ast-global-header-display":"","ast-banner-title-visibility":"","ast-main-header-display":"","ast-hfb-above-header-display":"","ast-hfb-below-header-display":"","ast-hfb-mobile-header-display":"","site-post-title":"disabled","ast-breadcrumbs-content":"","ast-featured-img":"","footer-sml-layout":"","ast-disable-related-posts":"","theme-transparent-header-meta":"","adv-header-id-meta":"","stick-header-meta":"","header-above-stick-meta":"","header-main-stick-meta":"","header-below-stick-meta":"","astra-migrate-meta-layouts":"set","ast-page-background-enabled":"default","ast-page-background-meta":{"desktop":{"background-color":"","background-image":"","background-repeat":"repeat","background-position":"center center","background-size":"auto","background-attachment":"scroll","background-type":"","background-media":"","overlay-type":"","overlay-color":"","overlay-opacity":"","overlay-gradient":""},"tablet":{"background-color":"","background-image":"","background-repeat":"repeat","background-position":"center center","background-size":"auto","background-attachment":"scroll","background-type":"","background-media":"","overlay-type":"","overlay-color":"","overlay-opacity":"","overlay-gradient":""},"mobile":{"background-color":"","background-image":"","background-repeat":"repeat","background-position":"center center","background-size":"auto","background-attachment":"scroll","background-type":"","background-media":"","overlay-type":"","overlay-color":"","overlay-opacity":"","overlay-gradient":""}},"ast-content-background-meta":{"desktop":{"background-color":"var(--ast-global-color-5)","background-image":"","background-repeat":"repeat","background-position":"center center","background-size":"auto","background-attachment":"scroll","background-type":"","background-media":"","overlay-type":"","overlay-color":"","overlay-opacity":"","overlay-gradient":""},"tablet":{"background-color":"var(--ast-global-color-5)","background-image":"","background-repeat":"repeat","background-position":"center center","background-size":"auto","background-attachment":"scroll","background-type":"","background-media":"","overlay-type":"","overlay-color":"","overlay-opacity":"","overlay-gradient":""},"mobile":{"background-color":"var(--ast-global-color-5)","background-image":"","background-repeat":"repeat","background-position":"center center","background-size":"auto","background-attachment":"scroll","background-type":"","background-media":"","overlay-type":"","overlay-color":"","overlay-opacity":"","overlay-gradient":""}},"footnotes":""},"class_list":["post-3259","page","type-page","status-publish","has-post-thumbnail","hentry"],"yoast_head":"<!-- This site is optimized with the Yoast SEO plugin v27.4 - https:\/\/yoast.com\/product\/yoast-seo-wordpress\/ -->\n<title>Quiero ayudar - Tree Hope - TreeHope<\/title>\n<meta name=\"robots\" content=\"index, follow, max-snippet:-1, max-image-preview:large, max-video-preview:-1\" \/>\n<link rel=\"canonical\" href=\"https:\/\/treehope.help\/en\/quiero-ayudar-tree-hope\/\" \/>\n<meta property=\"og:locale\" content=\"en_US\" \/>\n<meta property=\"og:type\" content=\"article\" \/>\n<meta property=\"og:title\" content=\"Quiero ayudar - Tree Hope - TreeHope\" \/>\n<meta property=\"og:description\" content=\"\ud83d\udc9a Informaci\u00f3n para quienes quieren apoyar Esta p\u00e1gina forma parte de TreeHope, una iniciativa personal enfocada en apoyar la plantaci\u00f3n de \u00e1rboles amaz\u00f3nicos nativos y la protecci\u00f3n del entorno natural en Per\u00fa y Ecuador.TreeHope no es una organizaci\u00f3n ni una empresa. \ud83c\udf33 \u00bfC\u00f3mo funciona el apoyo? Cada aporte se utiliza exclusivamente para esta iniciativa ambiental. [&hellip;]\" \/>\n<meta property=\"og:url\" content=\"https:\/\/treehope.help\/en\/quiero-ayudar-tree-hope\/\" \/>\n<meta property=\"og:site_name\" content=\"TreeHope\" \/>\n<meta property=\"article:publisher\" content=\"https:\/\/www.facebook.com\/share\/1827WvtoEb\/\" \/>\n<meta property=\"article:modified_time\" content=\"2026-01-04T09:34:58+00:00\" \/>\n<meta property=\"og:image\" content=\"https:\/\/treehope.help\/wp-content\/uploads\/2025\/12\/file_00000000523071f99e52e85c20cb800f2-3.jpg\" \/>\n\t<meta property=\"og:image:width\" content=\"1024\" \/>\n\t<meta property=\"og:image:height\" content=\"1314\" \/>\n\t<meta property=\"og:image:type\" content=\"image\/jpeg\" \/>\n<meta name=\"twitter:card\" content=\"summary_large_image\" \/>\n<meta name=\"twitter:label1\" content=\"Est. reading time\" \/>\n\t<meta name=\"twitter:data1\" content=\"2 minutes\" \/>\n<script type=\"application\/ld+json\" class=\"yoast-schema-graph\">{\"@context\":\"https:\\\/\\\/schema.org\",\"@graph\":[{\"@type\":\"WebPage\",\"@id\":\"https:\\\/\\\/treehope.help\\\/quiero-ayudar-tree-hope\\\/\",\"url\":\"https:\\\/\\\/treehope.help\\\/quiero-ayudar-tree-hope\\\/\",\"name\":\"Quiero ayudar - Tree Hope - TreeHope\",\"isPartOf\":{\"@id\":\"https:\\\/\\\/treehope.help\\\/#website\"},\"primaryImageOfPage\":{\"@id\":\"https:\\\/\\\/treehope.help\\\/quiero-ayudar-tree-hope\\\/#primaryimage\"},\"image\":{\"@id\":\"https:\\\/\\\/treehope.help\\\/quiero-ayudar-tree-hope\\\/#primaryimage\"},\"thumbnailUrl\":\"https:\\\/\\\/treehope.help\\\/wp-content\\\/uploads\\\/2025\\\/12\\\/file_00000000523071f99e52e85c20cb800f2-3.jpg\",\"datePublished\":\"2025-12-20T13:39:54+00:00\",\"dateModified\":\"2026-01-04T09:34:58+00:00\",\"breadcrumb\":{\"@id\":\"https:\\\/\\\/treehope.help\\\/quiero-ayudar-tree-hope\\\/#breadcrumb\"},\"inLanguage\":\"en-US\",\"potentialAction\":[{\"@type\":\"ReadAction\",\"target\":[\"https:\\\/\\\/treehope.help\\\/quiero-ayudar-tree-hope\\\/\"]}]},{\"@type\":\"ImageObject\",\"inLanguage\":\"en-US\",\"@id\":\"https:\\\/\\\/treehope.help\\\/quiero-ayudar-tree-hope\\\/#primaryimage\",\"url\":\"https:\\\/\\\/treehope.help\\\/wp-content\\\/uploads\\\/2025\\\/12\\\/file_00000000523071f99e52e85c20cb800f2-3.jpg\",\"contentUrl\":\"https:\\\/\\\/treehope.help\\\/wp-content\\\/uploads\\\/2025\\\/12\\\/file_00000000523071f99e52e85c20cb800f2-3.jpg\",\"width\":1024,\"height\":1314,\"caption\":\"Peque\u00f1o \u00e1rbol reci\u00e9n plantado en la Amazon\u00eda, simbolizando el inicio de la reforestaci\u00f3n\"},{\"@type\":\"BreadcrumbList\",\"@id\":\"https:\\\/\\\/treehope.help\\\/quiero-ayudar-tree-hope\\\/#breadcrumb\",\"itemListElement\":[{\"@type\":\"ListItem\",\"position\":1,\"name\":\"Portada\",\"item\":\"https:\\\/\\\/treehope.help\\\/\"},{\"@type\":\"ListItem\",\"position\":2,\"name\":\"Quiero ayudar &#8211; Tree Hope\"}]},{\"@type\":\"WebSite\",\"@id\":\"https:\\\/\\\/treehope.help\\\/#website\",\"url\":\"https:\\\/\\\/treehope.help\\\/\",\"name\":\"TreeHope\",\"description\":\"Proyecto de reforestaci\u00f3n de la Amazon\u00eda en Per\u00fa y Ecuador\",\"publisher\":{\"@id\":\"https:\\\/\\\/treehope.help\\\/#organization\"},\"potentialAction\":[{\"@type\":\"SearchAction\",\"target\":{\"@type\":\"EntryPoint\",\"urlTemplate\":\"https:\\\/\\\/treehope.help\\\/?s={search_term_string}\"},\"query-input\":{\"@type\":\"PropertyValueSpecification\",\"valueRequired\":true,\"valueName\":\"search_term_string\"}}],\"inLanguage\":\"en-US\"},{\"@type\":\"Organization\",\"@id\":\"https:\\\/\\\/treehope.help\\\/#organization\",\"name\":\"TreeHope\",\"url\":\"https:\\\/\\\/treehope.help\\\/\",\"logo\":{\"@type\":\"ImageObject\",\"inLanguage\":\"en-US\",\"@id\":\"https:\\\/\\\/treehope.help\\\/#\\\/schema\\\/logo\\\/image\\\/\",\"url\":\"https:\\\/\\\/treehope.help\\\/wp-content\\\/uploads\\\/2026\\\/01\\\/file_000000001d6871f4b2273af36fe80859-removebg-preview.png\",\"contentUrl\":\"https:\\\/\\\/treehope.help\\\/wp-content\\\/uploads\\\/2026\\\/01\\\/file_000000001d6871f4b2273af36fe80859-removebg-preview.png\",\"width\":500,\"height\":500,\"caption\":\"TreeHope\"},\"image\":{\"@id\":\"https:\\\/\\\/treehope.help\\\/#\\\/schema\\\/logo\\\/image\\\/\"},\"sameAs\":[\"https:\\\/\\\/www.facebook.com\\\/share\\\/1827WvtoEb\\\/\"]}]}<\/script>\n<!-- \/ Yoast SEO plugin. -->","yoast_head_json":{"title":"Quiero ayudar - Tree Hope - TreeHope","robots":{"index":"index","follow":"follow","max-snippet":"max-snippet:-1","max-image-preview":"max-image-preview:large","max-video-preview":"max-video-preview:-1"},"canonical":"https:\/\/treehope.help\/en\/quiero-ayudar-tree-hope\/","og_locale":"en_US","og_type":"article","og_title":"Quiero ayudar - Tree Hope - TreeHope","og_description":"\ud83d\udc9a Informaci\u00f3n para quienes quieren apoyar Esta p\u00e1gina forma parte de TreeHope, una iniciativa personal enfocada en apoyar la plantaci\u00f3n de \u00e1rboles amaz\u00f3nicos nativos y la protecci\u00f3n del entorno natural en Per\u00fa y Ecuador.TreeHope no es una organizaci\u00f3n ni una empresa. \ud83c\udf33 \u00bfC\u00f3mo funciona el apoyo? Cada aporte se utiliza exclusivamente para esta iniciativa ambiental. [&hellip;]","og_url":"https:\/\/treehope.help\/en\/quiero-ayudar-tree-hope\/","og_site_name":"TreeHope","article_publisher":"https:\/\/www.facebook.com\/share\/1827WvtoEb\/","article_modified_time":"2026-01-04T09:34:58+00:00","og_image":[{"width":1024,"height":1314,"url":"https:\/\/treehope.help\/wp-content\/uploads\/2025\/12\/file_00000000523071f99e52e85c20cb800f2-3.jpg","type":"image\/jpeg"}],"twitter_card":"summary_large_image","twitter_misc":{"Est. reading time":"2 minutes"},"schema":{"@context":"https:\/\/schema.org","@graph":[{"@type":"WebPage","@id":"https:\/\/treehope.help\/quiero-ayudar-tree-hope\/","url":"https:\/\/treehope.help\/quiero-ayudar-tree-hope\/","name":"Quiero ayudar - Tree Hope - TreeHope","isPartOf":{"@id":"https:\/\/treehope.help\/#website"},"primaryImageOfPage":{"@id":"https:\/\/treehope.help\/quiero-ayudar-tree-hope\/#primaryimage"},"image":{"@id":"https:\/\/treehope.help\/quiero-ayudar-tree-hope\/#primaryimage"},"thumbnailUrl":"https:\/\/treehope.help\/wp-content\/uploads\/2025\/12\/file_00000000523071f99e52e85c20cb800f2-3.jpg","datePublished":"2025-12-20T13:39:54+00:00","dateModified":"2026-01-04T09:34:58+00:00","breadcrumb":{"@id":"https:\/\/treehope.help\/quiero-ayudar-tree-hope\/#breadcrumb"},"inLanguage":"en-US","potentialAction":[{"@type":"ReadAction","target":["https:\/\/treehope.help\/quiero-ayudar-tree-hope\/"]}]},{"@type":"ImageObject","inLanguage":"en-US","@id":"https:\/\/treehope.help\/quiero-ayudar-tree-hope\/#primaryimage","url":"https:\/\/treehope.help\/wp-content\/uploads\/2025\/12\/file_00000000523071f99e52e85c20cb800f2-3.jpg","contentUrl":"https:\/\/treehope.help\/wp-content\/uploads\/2025\/12\/file_00000000523071f99e52e85c20cb800f2-3.jpg","width":1024,"height":1314,"caption":"Peque\u00f1o \u00e1rbol reci\u00e9n plantado en la Amazon\u00eda, simbolizando el inicio de la reforestaci\u00f3n"},{"@type":"BreadcrumbList","@id":"https:\/\/treehope.help\/quiero-ayudar-tree-hope\/#breadcrumb","itemListElement":[{"@type":"ListItem","position":1,"name":"Portada","item":"https:\/\/treehope.help\/"},{"@type":"ListItem","position":2,"name":"Quiero ayudar &#8211; Tree Hope"}]},{"@type":"WebSite","@id":"https:\/\/treehope.help\/#website","url":"https:\/\/treehope.help\/","name":"TreeHope","description":"Proyecto de reforestaci\u00f3n de la Amazon\u00eda en Per\u00fa y Ecuador","publisher":{"@id":"https:\/\/treehope.help\/#organization"},"potentialAction":[{"@type":"SearchAction","target":{"@type":"EntryPoint","urlTemplate":"https:\/\/treehope.help\/?s={search_term_string}"},"query-input":{"@type":"PropertyValueSpecification","valueRequired":true,"valueName":"search_term_string"}}],"inLanguage":"en-US"},{"@type":"Organization","@id":"https:\/\/treehope.help\/#organization","name":"TreeHope","url":"https:\/\/treehope.help\/","logo":{"@type":"ImageObject","inLanguage":"en-US","@id":"https:\/\/treehope.help\/#\/schema\/logo\/image\/","url":"https:\/\/treehope.help\/wp-content\/uploads\/2026\/01\/file_000000001d6871f4b2273af36fe80859-removebg-preview.png","contentUrl":"https:\/\/treehope.help\/wp-content\/uploads\/2026\/01\/file_000000001d6871f4b2273af36fe80859-removebg-preview.png","width":500,"height":500,"caption":"TreeHope"},"image":{"@id":"https:\/\/treehope.help\/#\/schema\/logo\/image\/"},"sameAs":["https:\/\/www.facebook.com\/share\/1827WvtoEb\/"]}]}},"campaignId":"2","_hostinger_reach_plugin_has_subscription_block":false,"_hostinger_reach_plugin_is_elementor":false,"uagb_featured_image_src":{"full":["https:\/\/treehope.help\/wp-content\/uploads\/2025\/12\/file_00000000523071f99e52e85c20cb800f2-3.jpg",1024,1314,false],"thumbnail":["https:\/\/treehope.help\/wp-content\/uploads\/2025\/12\/file_00000000523071f99e52e85c20cb800f2-3-150x150.jpg",150,150,true],"medium":["https:\/\/treehope.help\/wp-content\/uploads\/2025\/12\/file_00000000523071f99e52e85c20cb800f2-3-234x300.jpg",234,300,true],"medium_large":["https:\/\/treehope.help\/wp-content\/uploads\/2025\/12\/file_00000000523071f99e52e85c20cb800f2-3-768x986.jpg",768,986,true],"large":["https:\/\/treehope.help\/wp-content\/uploads\/2025\/12\/file_00000000523071f99e52e85c20cb800f2-3-798x1024.jpg",798,1024,true],"1536x1536":["https:\/\/treehope.help\/wp-content\/uploads\/2025\/12\/file_00000000523071f99e52e85c20cb800f2-3.jpg",1024,1314,false],"2048x2048":["https:\/\/treehope.help\/wp-content\/uploads\/2025\/12\/file_00000000523071f99e52e85c20cb800f2-3.jpg",1024,1314,false],"trp-custom-language-flag":["https:\/\/treehope.help\/wp-content\/uploads\/2025\/12\/file_00000000523071f99e52e85c20cb800f2-3.jpg",9,12,false]},"uagb_author_info":{"display_name":"natir969@gmail.com","author_link":"https:\/\/treehope.help\/en\/author\/natir969gmail-com\/"},"uagb_comment_info":0,"uagb_excerpt":"\ud83d\udc9a Informaci\u00f3n para quienes quieren apoyar Esta p\u00e1gina forma parte de TreeHope, una iniciativa personal enfocada en apoyar la plantaci\u00f3n de \u00e1rboles amaz\u00f3nicos nativos y la protecci\u00f3n del entorno natural en Per\u00fa y Ecuador.TreeHope no es una organizaci\u00f3n ni una empresa. \ud83c\udf33 \u00bfC\u00f3mo funciona el apoyo? Cada aporte se utiliza exclusivamente para esta iniciativa ambiental.&hellip;","_links":{"self":[{"href":"https:\/\/treehope.help\/en\/wp-json\/wp\/v2\/pages\/3259","targetHints":{"allow":["GET"]}}],"collection":[{"href":"https:\/\/treehope.help\/en\/wp-json\/wp\/v2\/pages"}],"about":[{"href":"https:\/\/treehope.help\/en\/wp-json\/wp\/v2\/types\/page"}],"author":[{"embeddable":true,"href":"https:\/\/treehope.help\/en\/wp-json\/wp\/v2\/users\/1"}],"replies":[{"embeddable":true,"href":"https:\/\/treehope.help\/en\/wp-json\/wp\/v2\/comments?post=3259"}],"version-history":[{"count":43,"href":"https:\/\/treehope.help\/en\/wp-json\/wp\/v2\/pages\/3259\/revisions"}],"predecessor-version":[{"id":3557,"href":"https:\/\/treehope.help\/en\/wp-json\/wp\/v2\/pages\/3259\/revisions\/3557"}],"wp:featuredmedia":[{"embeddable":true,"href":"https:\/\/treehope.help\/en\/wp-json\/wp\/v2\/media\/3003"}],"wp:attachment":[{"href":"https:\/\/treehope.help\/en\/wp-json\/wp\/v2\/media?parent=3259"}],"curies":[{"name":"wp","href":"https:\/\/api.w.org\/{rel}","templated":true}]}}